{"id":1144,"date":"2022-06-06T12:25:05","date_gmt":"2022-06-06T10:25:05","guid":{"rendered":"http:\/\/www.puntaalaluxuryservice.com\/?page_id=1144"},"modified":"2022-08-09T12:04:58","modified_gmt":"2022-08-09T10:04:58","slug":"noleggio-barche","status":"publish","type":"page","link":"https:\/\/www.puntaalaluxuryservice.com\/en\/noleggio-barche\/","title":{"rendered":"Boats for rent"},"content":{"rendered":"<div class=\"vc_row wpb_row vc_row-fluid\"><div class=\"wpb_column vc_column_container vc_col-sm-12\"><div class=\"vc_column-inner\"><div class=\"wpb_wrapper\"><div class=\"sc_section margin_top_px_100 margin_bottom_px_100\"><div class=\"sc_section_inner\"><div class=\"sc_section_content_wrap\">\n\t<div class=\"wpb_text_column wpb_content_element\" >\n\t\t<div class=\"wpb_wrapper\">\n\t\t\t<p>Hiring a motor yacht with captain or a sailing boat with skipper to live the sea and <strong>exploring the beautiful coast and islands of Tuscany.<\/strong>.<\/p>\n<p>A unique opportunity to admire the landscape from the sea, <strong>to have a swim in a crystal clear water<\/strong> or to make a stop and go ashore to have lunch in one of the nice restaurants on Elba and taste sea food specialties.<\/p>\n\n\t\t<\/div>\n\t<\/div>\n<div class=\"vc_empty_space\"   style=\"height: 32px\"><span class=\"vc_empty_space_inner\"><\/span><\/div><div id=\"sc_boats_504118586_wrap\" class=\"sc_boats_wrap\"><div id=\"sc_boats_504118586\" class=\"sc_boats sc_boats_style_boats-2\" style=\"width:100%;\"><div class=\"sc_columns columns_wrap\"><div class=\"column-1_3 column_padding_bottom\">\t\t\t\t\n\t\t\t\t<div id=\"sc_boats_504118586_1\" class=\"sc_boats_item sc_boats_item_1 odd first\">\n\t\t\t\t\t\n\t\t\t\t\t<div class=\"sc_boats_item_top\">\n\t\t\t\t\t\t<a href=\"https:\/\/www.puntaalaluxuryservice.com\/en\/boats\/alalunga-72\/\"><img loading=\"lazy\" decoding=\"async\" class=\"wp-post-image\" width=\"770\" height=\"434\" alt=\"Alalunga 72\" src=\"https:\/\/www.puntaalaluxuryservice.com\/wp-content\/uploads\/2022\/07\/WhatsApp-Image-2022-06-13-at-11.45.26-16-770x434.jpeg\"><\/a>\t\t\t\t\t<\/div>\n\t\t\t\t\t<div class=\"sc_boats_item_middle\">\n\t\t\t\t\t\t<div class=\"sc_boats_item_middle_title\">\n\t\t\t\t\t\t\t<a href=\"https:\/\/www.puntaalaluxuryservice.com\/en\/boats\/alalunga-72\/\">Alalunga 72<\/a>\t\t\t\t\t\t<\/div>\n\t\t\t\t\t\t<div class=\"sc_boats_item_middle_location\">\n\t\t\t\t\t\t\t<span class=\"icon-placeholder\"><\/span> inherit\t\t\t\t\t\t<\/div>\n\t\t\t\t\t<\/div>\n\t\t\t\t\t<div class=\"sc_boats_item_bottom\">\n\t\t\t\t\t\t\n\t\t\t\t\t\t\t\t\t\t\t\t<div class=\"sc_boats_item_bottom_length\">\n\t\t\t\t\t\t\t<span class=\"icon-meter\"><\/span> <strong>24.14 M<\/strong>\n\t\t\t\t\t\t<\/div>\n\t\t\t\t\t\t\t\t\t\t\t\t\n\t\t\t\t\t\t\t\t\t\t\t\t<div class=\"sc_boats_item_bottom_crew\">\n\t\t\t\t\t\t\t<span class=\"icon-profile\"><\/span> <strong>3<\/strong>\n\t\t\t\t\t\t<\/div>\n\t\t\t\t\t\t\t\t\t\t\t\t\n\t\t\t\t\t\t\t\t\t\t\t\t<div class=\"sc_boats_item_bottom_cabins\">\n\t\t\t\t\t\t\t<span class=\"icon-bed\"><\/span> <strong>2<\/strong>\n\t\t\t\t\t\t<\/div>\n\t\t\t\t\t\t\t\t\t\t\t\t\n\t\t\t\t\t\t<div class=\"cL\"><\/div>\n\t\t\t\t\t\t\n\t\t\t\t\t<\/div>\n\t\t\t\t\t\n\t\t\t\t<\/div>\t\n\t\t\t\t\n\t\t<\/div><div class=\"column-1_3 column_padding_bottom\">\t\t\t\t\n\t\t\t\t<div id=\"sc_boats_504118586_2\" class=\"sc_boats_item sc_boats_item_2 even\">\n\t\t\t\t\t\n\t\t\t\t\t<div class=\"sc_boats_item_top\">\n\t\t\t\t\t\t<a href=\"https:\/\/www.puntaalaluxuryservice.com\/en\/boats\/amel-maramu-46-delos\/\"><img loading=\"lazy\" decoding=\"async\" class=\"wp-post-image\" width=\"770\" height=\"434\" alt=\"Amel Maramu 46 Delos\" src=\"https:\/\/www.puntaalaluxuryservice.com\/wp-content\/uploads\/2022\/08\/Maramu-46-Delos-7-770x434.jpg\"><\/a>\t\t\t\t\t<\/div>\n\t\t\t\t\t<div class=\"sc_boats_item_middle\">\n\t\t\t\t\t\t<div class=\"sc_boats_item_middle_title\">\n\t\t\t\t\t\t\t<a href=\"https:\/\/www.puntaalaluxuryservice.com\/en\/boats\/amel-maramu-46-delos\/\">Amel Maramu 46 Delos<\/a>\t\t\t\t\t\t<\/div>\n\t\t\t\t\t\t<div class=\"sc_boats_item_middle_location\">\n\t\t\t\t\t\t\t<span class=\"icon-placeholder\"><\/span> inherit\t\t\t\t\t\t<\/div>\n\t\t\t\t\t<\/div>\n\t\t\t\t\t<div class=\"sc_boats_item_bottom\">\n\t\t\t\t\t\t\n\t\t\t\t\t\t\t\t\t\t\t\t<div class=\"sc_boats_item_bottom_length\">\n\t\t\t\t\t\t\t<span class=\"icon-meter\"><\/span> <strong>24.14 M<\/strong>\n\t\t\t\t\t\t<\/div>\n\t\t\t\t\t\t\t\t\t\t\t\t\n\t\t\t\t\t\t\t\t\t\t\t\t<div class=\"sc_boats_item_bottom_crew\">\n\t\t\t\t\t\t\t<span class=\"icon-profile\"><\/span> <strong>3<\/strong>\n\t\t\t\t\t\t<\/div>\n\t\t\t\t\t\t\t\t\t\t\t\t\n\t\t\t\t\t\t\t\t\t\t\t\t<div class=\"sc_boats_item_bottom_cabins\">\n\t\t\t\t\t\t\t<span class=\"icon-bed\"><\/span> <strong>2<\/strong>\n\t\t\t\t\t\t<\/div>\n\t\t\t\t\t\t\t\t\t\t\t\t\n\t\t\t\t\t\t<div class=\"cL\"><\/div>\n\t\t\t\t\t\t\n\t\t\t\t\t<\/div>\n\t\t\t\t\t\n\t\t\t\t<\/div>\t\n\t\t\t\t\n\t\t<\/div><div class=\"column-1_3 column_padding_bottom\">\t\t\t\t\n\t\t\t\t<div id=\"sc_boats_504118586_3\" class=\"sc_boats_item sc_boats_item_3 odd\">\n\t\t\t\t\t\n\t\t\t\t\t<div class=\"sc_boats_item_top\">\n\t\t\t\t\t\t<a href=\"https:\/\/www.puntaalaluxuryservice.com\/en\/boats\/amel-supermaramu-53-libertas\/\"><img loading=\"lazy\" decoding=\"async\" class=\"wp-post-image\" width=\"686\" height=\"434\" alt=\"Amel Supermaramu 53 Libertas\" src=\"https:\/\/www.puntaalaluxuryservice.com\/wp-content\/uploads\/2022\/08\/Supermaramu-53-libertas-1-686x434.jpg\"><\/a>\t\t\t\t\t<\/div>\n\t\t\t\t\t<div class=\"sc_boats_item_middle\">\n\t\t\t\t\t\t<div class=\"sc_boats_item_middle_title\">\n\t\t\t\t\t\t\t<a href=\"https:\/\/www.puntaalaluxuryservice.com\/en\/boats\/amel-supermaramu-53-libertas\/\">Amel Supermaramu 53 Libertas<\/a>\t\t\t\t\t\t<\/div>\n\t\t\t\t\t\t<div class=\"sc_boats_item_middle_location\">\n\t\t\t\t\t\t\t<span class=\"icon-placeholder\"><\/span> inherit\t\t\t\t\t\t<\/div>\n\t\t\t\t\t<\/div>\n\t\t\t\t\t<div class=\"sc_boats_item_bottom\">\n\t\t\t\t\t\t\n\t\t\t\t\t\t\t\t\t\t\t\t<div class=\"sc_boats_item_bottom_length\">\n\t\t\t\t\t\t\t<span class=\"icon-meter\"><\/span> <strong>24.14 M<\/strong>\n\t\t\t\t\t\t<\/div>\n\t\t\t\t\t\t\t\t\t\t\t\t\n\t\t\t\t\t\t\t\t\t\t\t\t<div class=\"sc_boats_item_bottom_crew\">\n\t\t\t\t\t\t\t<span class=\"icon-profile\"><\/span> <strong>3<\/strong>\n\t\t\t\t\t\t<\/div>\n\t\t\t\t\t\t\t\t\t\t\t\t\n\t\t\t\t\t\t\t\t\t\t\t\t<div class=\"sc_boats_item_bottom_cabins\">\n\t\t\t\t\t\t\t<span class=\"icon-bed\"><\/span> <strong>2<\/strong>\n\t\t\t\t\t\t<\/div>\n\t\t\t\t\t\t\t\t\t\t\t\t\n\t\t\t\t\t\t<div class=\"cL\"><\/div>\n\t\t\t\t\t\t\n\t\t\t\t\t<\/div>\n\t\t\t\t\t\n\t\t\t\t<\/div>\t\n\t\t\t\t\n\t\t<\/div><div class=\"column-1_3 column_padding_bottom\">\t\t\t\t\n\t\t\t\t<div id=\"sc_boats_504118586_4\" class=\"sc_boats_item sc_boats_item_4 even\">\n\t\t\t\t\t\n\t\t\t\t\t<div class=\"sc_boats_item_top\">\n\t\t\t\t\t\t<a href=\"https:\/\/www.puntaalaluxuryservice.com\/en\/boats\/atlantique-50-fly\/\"><img loading=\"lazy\" decoding=\"async\" class=\"wp-post-image\" width=\"770\" height=\"434\" alt=\"Atlantique 50 Fly\" src=\"https:\/\/www.puntaalaluxuryservice.com\/wp-content\/uploads\/2022\/07\/WhatsApp-Image-2021-07-15-at-17.34.12-770x434.jpeg\"><\/a>\t\t\t\t\t<\/div>\n\t\t\t\t\t<div class=\"sc_boats_item_middle\">\n\t\t\t\t\t\t<div class=\"sc_boats_item_middle_title\">\n\t\t\t\t\t\t\t<a href=\"https:\/\/www.puntaalaluxuryservice.com\/en\/boats\/atlantique-50-fly\/\">Atlantique 50 Fly<\/a>\t\t\t\t\t\t<\/div>\n\t\t\t\t\t\t<div class=\"sc_boats_item_middle_location\">\n\t\t\t\t\t\t\t<span class=\"icon-placeholder\"><\/span> inherit\t\t\t\t\t\t<\/div>\n\t\t\t\t\t<\/div>\n\t\t\t\t\t<div class=\"sc_boats_item_bottom\">\n\t\t\t\t\t\t\n\t\t\t\t\t\t\t\t\t\t\t\t<div class=\"sc_boats_item_bottom_length\">\n\t\t\t\t\t\t\t<span class=\"icon-meter\"><\/span> <strong>24.14 M<\/strong>\n\t\t\t\t\t\t<\/div>\n\t\t\t\t\t\t\t\t\t\t\t\t\n\t\t\t\t\t\t\t\t\t\t\t\t<div class=\"sc_boats_item_bottom_crew\">\n\t\t\t\t\t\t\t<span class=\"icon-profile\"><\/span> <strong>3<\/strong>\n\t\t\t\t\t\t<\/div>\n\t\t\t\t\t\t\t\t\t\t\t\t\n\t\t\t\t\t\t\t\t\t\t\t\t<div class=\"sc_boats_item_bottom_cabins\">\n\t\t\t\t\t\t\t<span class=\"icon-bed\"><\/span> <strong>2<\/strong>\n\t\t\t\t\t\t<\/div>\n\t\t\t\t\t\t\t\t\t\t\t\t\n\t\t\t\t\t\t<div class=\"cL\"><\/div>\n\t\t\t\t\t\t\n\t\t\t\t\t<\/div>\n\t\t\t\t\t\n\t\t\t\t<\/div>\t\n\t\t\t\t\n\t\t<\/div><div class=\"column-1_3 column_padding_bottom\">\t\t\t\t\n\t\t\t\t<div id=\"sc_boats_504118586_5\" class=\"sc_boats_item sc_boats_item_5 odd\">\n\t\t\t\t\t\n\t\t\t\t\t<div class=\"sc_boats_item_top\">\n\t\t\t\t\t\t<a href=\"https:\/\/www.puntaalaluxuryservice.com\/en\/boats\/az-46-fly\/\"><img loading=\"lazy\" decoding=\"async\" class=\"wp-post-image\" width=\"770\" height=\"434\" alt=\"AZ 46 FLY\" src=\"https:\/\/www.puntaalaluxuryservice.com\/wp-content\/uploads\/2022\/07\/304412-770x434.jpg\"><\/a>\t\t\t\t\t<\/div>\n\t\t\t\t\t<div class=\"sc_boats_item_middle\">\n\t\t\t\t\t\t<div class=\"sc_boats_item_middle_title\">\n\t\t\t\t\t\t\t<a href=\"https:\/\/www.puntaalaluxuryservice.com\/en\/boats\/az-46-fly\/\">AZ 46 FLY<\/a>\t\t\t\t\t\t<\/div>\n\t\t\t\t\t\t<div class=\"sc_boats_item_middle_location\">\n\t\t\t\t\t\t\t<span class=\"icon-placeholder\"><\/span> inherit\t\t\t\t\t\t<\/div>\n\t\t\t\t\t<\/div>\n\t\t\t\t\t<div class=\"sc_boats_item_bottom\">\n\t\t\t\t\t\t\n\t\t\t\t\t\t\t\t\t\t\t\t<div class=\"sc_boats_item_bottom_length\">\n\t\t\t\t\t\t\t<span class=\"icon-meter\"><\/span> <strong>24.14 M<\/strong>\n\t\t\t\t\t\t<\/div>\n\t\t\t\t\t\t\t\t\t\t\t\t\n\t\t\t\t\t\t\t\t\t\t\t\t<div class=\"sc_boats_item_bottom_crew\">\n\t\t\t\t\t\t\t<span class=\"icon-profile\"><\/span> <strong>3<\/strong>\n\t\t\t\t\t\t<\/div>\n\t\t\t\t\t\t\t\t\t\t\t\t\n\t\t\t\t\t\t\t\t\t\t\t\t<div class=\"sc_boats_item_bottom_cabins\">\n\t\t\t\t\t\t\t<span class=\"icon-bed\"><\/span> <strong>2<\/strong>\n\t\t\t\t\t\t<\/div>\n\t\t\t\t\t\t\t\t\t\t\t\t\n\t\t\t\t\t\t<div class=\"cL\"><\/div>\n\t\t\t\t\t\t\n\t\t\t\t\t<\/div>\n\t\t\t\t\t\n\t\t\t\t<\/div>\t\n\t\t\t\t\n\t\t<\/div><div class=\"column-1_3 column_padding_bottom\">\t\t\t\t\n\t\t\t\t<div id=\"sc_boats_504118586_6\" class=\"sc_boats_item sc_boats_item_6 even\">\n\t\t\t\t\t\n\t\t\t\t\t<div class=\"sc_boats_item_top\">\n\t\t\t\t\t\t<a href=\"https:\/\/www.puntaalaluxuryservice.com\/en\/boats\/baia-54-aqua\/\"><img loading=\"lazy\" decoding=\"async\" class=\"wp-post-image\" width=\"770\" height=\"434\" alt=\"Baia 54 Aqua\" src=\"https:\/\/www.puntaalaluxuryservice.com\/wp-content\/uploads\/2022\/07\/sx-770x434.jpg\"><\/a>\t\t\t\t\t<\/div>\n\t\t\t\t\t<div class=\"sc_boats_item_middle\">\n\t\t\t\t\t\t<div class=\"sc_boats_item_middle_title\">\n\t\t\t\t\t\t\t<a href=\"https:\/\/www.puntaalaluxuryservice.com\/en\/boats\/baia-54-aqua\/\">Baia 54 Aqua<\/a>\t\t\t\t\t\t<\/div>\n\t\t\t\t\t\t<div class=\"sc_boats_item_middle_location\">\n\t\t\t\t\t\t\t<span class=\"icon-placeholder\"><\/span> inherit\t\t\t\t\t\t<\/div>\n\t\t\t\t\t<\/div>\n\t\t\t\t\t<div class=\"sc_boats_item_bottom\">\n\t\t\t\t\t\t\n\t\t\t\t\t\t\t\t\t\t\t\t<div class=\"sc_boats_item_bottom_length\">\n\t\t\t\t\t\t\t<span class=\"icon-meter\"><\/span> <strong>24.14 M<\/strong>\n\t\t\t\t\t\t<\/div>\n\t\t\t\t\t\t\t\t\t\t\t\t\n\t\t\t\t\t\t\t\t\t\t\t\t<div class=\"sc_boats_item_bottom_crew\">\n\t\t\t\t\t\t\t<span class=\"icon-profile\"><\/span> <strong>3<\/strong>\n\t\t\t\t\t\t<\/div>\n\t\t\t\t\t\t\t\t\t\t\t\t\n\t\t\t\t\t\t\t\t\t\t\t\t<div class=\"sc_boats_item_bottom_cabins\">\n\t\t\t\t\t\t\t<span class=\"icon-bed\"><\/span> <strong>2<\/strong>\n\t\t\t\t\t\t<\/div>\n\t\t\t\t\t\t\t\t\t\t\t\t\n\t\t\t\t\t\t<div class=\"cL\"><\/div>\n\t\t\t\t\t\t\n\t\t\t\t\t<\/div>\n\t\t\t\t\t\n\t\t\t\t<\/div>\t\n\t\t\t\t\n\t\t<\/div><div class=\"column-1_3 column_padding_bottom\">\t\t\t\t\n\t\t\t\t<div id=\"sc_boats_504118586_7\" class=\"sc_boats_item sc_boats_item_7 odd\">\n\t\t\t\t\t\n\t\t\t\t\t<div class=\"sc_boats_item_top\">\n\t\t\t\t\t\t<a href=\"https:\/\/www.puntaalaluxuryservice.com\/en\/boats\/baia-78-atlantica\/\"><img loading=\"lazy\" decoding=\"async\" class=\"wp-post-image\" width=\"770\" height=\"434\" alt=\"Baia 78 Atlantica\" src=\"https:\/\/www.puntaalaluxuryservice.com\/wp-content\/uploads\/2022\/07\/BAIA-78-DX-770x434.jpeg\"><\/a>\t\t\t\t\t<\/div>\n\t\t\t\t\t<div class=\"sc_boats_item_middle\">\n\t\t\t\t\t\t<div class=\"sc_boats_item_middle_title\">\n\t\t\t\t\t\t\t<a href=\"https:\/\/www.puntaalaluxuryservice.com\/en\/boats\/baia-78-atlantica\/\">Baia 78 Atlantica<\/a>\t\t\t\t\t\t<\/div>\n\t\t\t\t\t\t<div class=\"sc_boats_item_middle_location\">\n\t\t\t\t\t\t\t<span class=\"icon-placeholder\"><\/span> inherit\t\t\t\t\t\t<\/div>\n\t\t\t\t\t<\/div>\n\t\t\t\t\t<div class=\"sc_boats_item_bottom\">\n\t\t\t\t\t\t\n\t\t\t\t\t\t\t\t\t\t\t\t<div class=\"sc_boats_item_bottom_length\">\n\t\t\t\t\t\t\t<span class=\"icon-meter\"><\/span> <strong>24.14 M<\/strong>\n\t\t\t\t\t\t<\/div>\n\t\t\t\t\t\t\t\t\t\t\t\t\n\t\t\t\t\t\t\t\t\t\t\t\t<div class=\"sc_boats_item_bottom_crew\">\n\t\t\t\t\t\t\t<span class=\"icon-profile\"><\/span> <strong>3<\/strong>\n\t\t\t\t\t\t<\/div>\n\t\t\t\t\t\t\t\t\t\t\t\t\n\t\t\t\t\t\t\t\t\t\t\t\t<div class=\"sc_boats_item_bottom_cabins\">\n\t\t\t\t\t\t\t<span class=\"icon-bed\"><\/span> <strong>2<\/strong>\n\t\t\t\t\t\t<\/div>\n\t\t\t\t\t\t\t\t\t\t\t\t\n\t\t\t\t\t\t<div class=\"cL\"><\/div>\n\t\t\t\t\t\t\n\t\t\t\t\t<\/div>\n\t\t\t\t\t\n\t\t\t\t<\/div>\t\n\t\t\t\t\n\t\t<\/div><div class=\"column-1_3 column_padding_bottom\">\t\t\t\t\n\t\t\t\t<div id=\"sc_boats_504118586_8\" class=\"sc_boats_item sc_boats_item_8 even\">\n\t\t\t\t\t\n\t\t\t\t\t<div class=\"sc_boats_item_top\">\n\t\t\t\t\t\t<a href=\"https:\/\/www.puntaalaluxuryservice.com\/en\/boats\/benetau-oceanis-523\/\"><img loading=\"lazy\" decoding=\"async\" class=\"wp-post-image\" width=\"668\" height=\"434\" alt=\"Benetau Oceanis 523\" src=\"https:\/\/www.puntaalaluxuryservice.com\/wp-content\/uploads\/2022\/08\/BENETEAU-OCEANIS-1-668x434.jpg\"><\/a>\t\t\t\t\t<\/div>\n\t\t\t\t\t<div class=\"sc_boats_item_middle\">\n\t\t\t\t\t\t<div class=\"sc_boats_item_middle_title\">\n\t\t\t\t\t\t\t<a href=\"https:\/\/www.puntaalaluxuryservice.com\/en\/boats\/benetau-oceanis-523\/\">Benetau Oceanis 523<\/a>\t\t\t\t\t\t<\/div>\n\t\t\t\t\t\t<div class=\"sc_boats_item_middle_location\">\n\t\t\t\t\t\t\t<span class=\"icon-placeholder\"><\/span> inherit\t\t\t\t\t\t<\/div>\n\t\t\t\t\t<\/div>\n\t\t\t\t\t<div class=\"sc_boats_item_bottom\">\n\t\t\t\t\t\t\n\t\t\t\t\t\t\t\t\t\t\t\t<div class=\"sc_boats_item_bottom_length\">\n\t\t\t\t\t\t\t<span class=\"icon-meter\"><\/span> <strong>24.14 M<\/strong>\n\t\t\t\t\t\t<\/div>\n\t\t\t\t\t\t\t\t\t\t\t\t\n\t\t\t\t\t\t\t\t\t\t\t\t<div class=\"sc_boats_item_bottom_crew\">\n\t\t\t\t\t\t\t<span class=\"icon-profile\"><\/span> <strong>3<\/strong>\n\t\t\t\t\t\t<\/div>\n\t\t\t\t\t\t\t\t\t\t\t\t\n\t\t\t\t\t\t\t\t\t\t\t\t<div class=\"sc_boats_item_bottom_cabins\">\n\t\t\t\t\t\t\t<span class=\"icon-bed\"><\/span> <strong>2<\/strong>\n\t\t\t\t\t\t<\/div>\n\t\t\t\t\t\t\t\t\t\t\t\t\n\t\t\t\t\t\t<div class=\"cL\"><\/div>\n\t\t\t\t\t\t\n\t\t\t\t\t<\/div>\n\t\t\t\t\t\n\t\t\t\t<\/div>\t\n\t\t\t\t\n\t\t<\/div><div class=\"column-1_3 column_padding_bottom\">\t\t\t\t\n\t\t\t\t<div id=\"sc_boats_504118586_9\" class=\"sc_boats_item sc_boats_item_9 odd\">\n\t\t\t\t\t\n\t\t\t\t\t<div class=\"sc_boats_item_top\">\n\t\t\t\t\t\t<a href=\"https:\/\/www.puntaalaluxuryservice.com\/en\/boats\/bertram-38-special\/\"><img loading=\"lazy\" decoding=\"async\" class=\"wp-post-image\" width=\"640\" height=\"434\" alt=\"Bertram 38 special\" src=\"https:\/\/www.puntaalaluxuryservice.com\/wp-content\/uploads\/2022\/07\/IMG_3362-640x434.jpg\"><\/a>\t\t\t\t\t<\/div>\n\t\t\t\t\t<div class=\"sc_boats_item_middle\">\n\t\t\t\t\t\t<div class=\"sc_boats_item_middle_title\">\n\t\t\t\t\t\t\t<a href=\"https:\/\/www.puntaalaluxuryservice.com\/en\/boats\/bertram-38-special\/\">Bertram 38 special<\/a>\t\t\t\t\t\t<\/div>\n\t\t\t\t\t\t<div class=\"sc_boats_item_middle_location\">\n\t\t\t\t\t\t\t<span class=\"icon-placeholder\"><\/span> inherit\t\t\t\t\t\t<\/div>\n\t\t\t\t\t<\/div>\n\t\t\t\t\t<div class=\"sc_boats_item_bottom\">\n\t\t\t\t\t\t\n\t\t\t\t\t\t\t\t\t\t\t\t<div class=\"sc_boats_item_bottom_length\">\n\t\t\t\t\t\t\t<span class=\"icon-meter\"><\/span> <strong>24.14 M<\/strong>\n\t\t\t\t\t\t<\/div>\n\t\t\t\t\t\t\t\t\t\t\t\t\n\t\t\t\t\t\t\t\t\t\t\t\t<div class=\"sc_boats_item_bottom_crew\">\n\t\t\t\t\t\t\t<span class=\"icon-profile\"><\/span> <strong>3<\/strong>\n\t\t\t\t\t\t<\/div>\n\t\t\t\t\t\t\t\t\t\t\t\t\n\t\t\t\t\t\t\t\t\t\t\t\t<div class=\"sc_boats_item_bottom_cabins\">\n\t\t\t\t\t\t\t<span class=\"icon-bed\"><\/span> <strong>2<\/strong>\n\t\t\t\t\t\t<\/div>\n\t\t\t\t\t\t\t\t\t\t\t\t\n\t\t\t\t\t\t<div class=\"cL\"><\/div>\n\t\t\t\t\t\t\n\t\t\t\t\t<\/div>\n\t\t\t\t\t\n\t\t\t\t<\/div>\t\n\t\t\t\t\n\t\t<\/div><\/div><\/div><!-- \/.sc_boats --><\/div><!-- \/.sc_boats_wrap --><\/div><\/div><\/div><\/div><\/div><\/div><\/div>","protected":false},"excerpt":{"rendered":"Bertram 38 special Si tratta di un bellissimo motor yacht di 13,50 mt di lunghezza, perfetto per le uscite giornaliere. Pu\u00f2 accogliere fino a 8 persone per escursioni giornaliere e pu\u00f2 accogliere un massimo di 2 ospiti alloggiati in una cabina doppia, nel caso in cui si desideri noleggiarlo per pi\u00f9 giorni, pernottando a bordo. [...]","protected":false},"author":1,"featured_media":0,"parent":0,"menu_order":0,"comment_status":"closed","ping_status":"closed","template":"","meta":{"footnotes":""},"class_list":["post-1144","page","type-page","status-publish","hentry"],"_links":{"self":[{"href":"https:\/\/www.puntaalaluxuryservice.com\/en\/wp-json\/wp\/v2\/pages\/1144","targetHints":{"allow":["GET"]}}],"collection":[{"href":"https:\/\/www.puntaalaluxuryservice.com\/en\/wp-json\/wp\/v2\/pages"}],"about":[{"href":"https:\/\/www.puntaalaluxuryservice.com\/en\/wp-json\/wp\/v2\/types\/page"}],"author":[{"embeddable":true,"href":"https:\/\/www.puntaalaluxuryservice.com\/en\/wp-json\/wp\/v2\/users\/1"}],"replies":[{"embeddable":true,"href":"https:\/\/www.puntaalaluxuryservice.com\/en\/wp-json\/wp\/v2\/comments?post=1144"}],"version-history":[{"count":20,"href":"https:\/\/www.puntaalaluxuryservice.com\/en\/wp-json\/wp\/v2\/pages\/1144\/revisions"}],"predecessor-version":[{"id":1898,"href":"https:\/\/www.puntaalaluxuryservice.com\/en\/wp-json\/wp\/v2\/pages\/1144\/revisions\/1898"}],"wp:attachment":[{"href":"https:\/\/www.puntaalaluxuryservice.com\/en\/wp-json\/wp\/v2\/media?parent=1144"}],"curies":[{"name":"wp","href":"https:\/\/api.w.org\/{rel}","templated":true}]}}